{"id":92,"date":"2019-12-04T16:00:51","date_gmt":"2019-12-04T15:00:51","guid":{"rendered":"https:\/\/www.sipmet.org\/?page_id=92"},"modified":"2023-03-20T09:35:55","modified_gmt":"2023-03-20T08:35:55","slug":"associazione-ripagec-aps","status":"publish","type":"page","link":"https:\/\/www.sipmet.org\/index.php\/associazione-ripagec-aps\/","title":{"rendered":"Associazione RiPaGeC &#8211; APS ETS Onlus"},"content":{"rendered":"<section class=\"wpb-content-wrapper\"><p>[vc_row][vc_column]<div class=\"dt-fancy-separator title-left h4-size accent-title-color\" style=\"width: 100%;\"><div class=\"dt-fancy-title\"><span class=\"separator-holder separator-left\"><\/span>Associazione della Societa&#039; Italiana di Patologia e Medicina Traslazionale per la ricerca in Patologia Generale, Patologia Clinica, Fisiopatologia, Medicina e Diagnostica di Laboratorio e Medicina Traslazionale - Associazione di promozione sociale<span class=\"separator-holder separator-right\"><\/span><\/div><\/div>[\/vc_column][\/vc_row][vc_row][vc_column width=&#8221;1\/3&#8243;][vc_single_image image=&#8221;99&#8243; img_size=&#8221;full&#8221;][\/vc_column][vc_column width=&#8221;2\/3&#8243;][vc_column_text css=&#8221;.vc_custom_1575471702134{padding-top: 20px !important;}&#8221;]<\/p>\n<p>L&#8217;associazione si propone di svolgere:<br \/>\n&#8211; educazione, istruzione e formazione professionale, nonch\u00e9 le attivit\u00e0 culturali di interesse sociale con finalit\u00e0 educativa;<br \/>\n&#8211; ricerca scientifica di particolare interesse sociale;<br \/>\n&#8211; formazione universitaria e post universitaria.<\/p>\n<p>[\/vc_column_text][\/vc_column][\/vc_row][vc_row][vc_column][vc_column_text]<\/p>\n<p>A titolo esemplificativo le azioni si concretizzeranno in:<br \/>\n&#8211; attuare in modo diretto e\/o promuovere ogni iniziativa intesa a divulgare studi e ricerche scientifiche con particolare riguardo a quelle di interesse sociale nel campo della patologia generale, patologia clinica, fisiopatologia, medicina e diagnostica di laboratorio e medicina traslazionale, nonch\u00e9 la formazione in questo settore;<br \/>\n&#8211; organizzare iniziative di ogni tipo tese a raccogliere fondi per la ricerca in questo campo;<br \/>\n&#8211; finanziare programmi di ricerca valutati da un&#8217;apposita commissione scientifica;<br \/>\n&#8211; finanziare borse di studio per la formazione alla ricerca presso centri nazionali ed esteri per laureati e tecnici;<br \/>\n&#8211; assegnare premi, compreso quello della SIPMeT, quale riconoscimento per l&#8217;opera di particolare rilievo scientifico e culturale, svolta in Istituti di ricerca;<br \/>\n&#8211; supportare ove necessario il Congresso nazionale della SIPMeT anche in collaborazioni con altre associazioni, organizzazioni;<br \/>\n&#8211; organizzare corsi di aggiornamento, congressi scientifici, simposi e patrocinare altre iniziative analoghe promosse da altre associazioni;<br \/>\n&#8211; promuovere e svolgere attivit\u00e0 di aggiornamento professionale e di formazione permanente, con programmi annuali di attivit\u00e0 di formazione medica continua (ECM) e di istruzione rivolta ad operatori sanitari e non, nazionali ed internazionali, conformemente a quanto previsto per l\u2019accreditamento dei corsi RCM dalle normative nazionali ed internazionali; tale attivit\u00e0 pu\u00f2 essere svolta direttamente o attraverso provider accreditati e in collaborazione con altri enti e\/o associazioni scientifiche senza finalit\u00e0 di lucro;<br \/>\n&#8211; collaborare con i Ministeri interessati, le Regioni, le Aziende Sanitarie e altri organismi e Istituzioni pubbliche e private;<br \/>\n&#8211; elaborare, in accordo con la SIPMeT, linee guida e linee di consenso in collaborazione con organismi e istituzioni pubbliche e private e promuovere trials di studio e di ricerche scientifiche finalizzate e rapporti di collaborazione con altre societ\u00e0 e organismi scientifici;<br \/>\n&#8211; favorire, in collaborazione con SIPMeT, gli scambi culturali e i rapporti di collaborazione con Cultori della materia e con altre Societ\u00e0 scientifiche e Istituzioni od Organizzazioni nazionali e internazionali operanti nello stesso campo o in attivit\u00e0 connesse, complementari e affini;<br \/>\n&#8211; cooperare con SIPMeT ai fini delle attivit\u00e0 editoriali a carattere scientifico e le diverse forme di aggiornamento incluse quelle telematiche e\/o informatiche;<br \/>\n&#8211; formare e supportare personale addetto alle finalit\u00e0 citate.<\/p>\n<p>[\/vc_column_text][\/vc_column][\/vc_row][vc_row][vc_column width=&#8221;1\/2&#8243;]<style type=\"text\/css\" data-type=\"the7_shortcodes-inline-css\">\/*\nImpossibile accedere al file di sistema.\n*\/<\/style><div class=\"btn-align-center\"><a href=\"https:\/\/www.sipmet.org\/wp-content\/uploads\/2019\/12\/ATTO-COSTITUTIVO-E-STATUTO-REGISTRATI.pdf\" class=\"default-btn-shortcode dt-btn dt-btn-l link-hover-off  vc_custom_1579706481701\" target=\"_blank\" id=\"default-btn-9e17eba314cc6669a2cbf4f6cc00d140\" rel=\"noopener\"><span>ATTO COSTITUTIVO E STATUTO<\/span><\/a><\/div>[\/vc_column][vc_column width=&#8221;1\/2&#8243;][vc_column_text]<iframe loading=\"lazy\" src=\"https:\/\/www.youtube.com\/embed\/WkpyReJenvA\" width=\"560\" height=\"315\" frameborder=\"0\" allowfullscreen=\"allowfullscreen\"><\/iframe>[\/vc_column_text][\/vc_column][\/vc_row][vc_row][vc_column width=&#8221;1\/2&#8243;][vc_empty_space][vc_message]<\/p>\n<p>Contatti<br \/>\nProf. Francesco Curcio<br \/>\nTel: +39 335 1605117<br \/>\nE-mail: francesco.curcio@uniud.it<\/p>\n<p>[\/vc_message][\/vc_column][vc_column width=&#8221;1\/2&#8243;][vc_empty_space][vc_message message_box_color=&#8221;alert-info&#8221;]<\/p>\n<p>RiPaGeC \u2013 APS ETS Onlus<br \/>\nC.F. 02768180180<\/p>\n<p>IBAN: IT69S0306909606100000169757<br \/>\nBIC: BCITITMM<br \/>\nC\/C n. 1000\/00169757<br \/>\nIntesa San Paolo<br \/>\nFiliale 55000<br \/>\nPiazza Paolo Ferrari, 20121 \u2013 Milano<\/p>\n<p>[\/vc_message][\/vc_column][\/vc_row]<\/p>\n<\/section>","protected":false},"excerpt":{"rendered":"<p>[vc_row][vc_column][\/vc_column][\/vc_row][vc_row][vc_column width=&#8221;1\/3&#8243;][vc_single_image image=&#8221;99&#8243; img_size=&#8221;full&#8221;][\/vc_column][vc_column width=&#8221;2\/3&#8243;][vc_column_text css=&#8221;.vc_custom_1575471702134{padding-top: 20px !important;}&#8221;] L&#8217;associazione si propone di svolgere: &#8211; educazione, istruzione e formazione professionale, nonch\u00e9 le attivit\u00e0 culturali di interesse sociale con finalit\u00e0 educativa; &#8211; ricerca scientifica di particolare interesse sociale; &#8211; formazione universitaria e post universitaria. [\/vc_column_text][\/vc_column][\/vc_row][vc_row][vc_column][vc_column_text] A titolo esemplificativo le azioni si concretizzeranno in: &#8211; attuare in modo&hellip;<\/p>\n","protected":false},"author":1,"featured_media":0,"parent":0,"menu_order":0,"comment_status":"closed","ping_status":"closed","template":"","meta":{"footnotes":""},"class_list":["post-92","page","type-page","status-publish","hentry","description-off"],"yoast_head":"<!-- This site is optimized with the Yoast SEO plugin v27.1.1 - https:\/\/yoast.com\/product\/yoast-seo-wordpress\/ -->\n<title>Associazione RiPaGeC - APS ETS Onlus - SIPMeT<\/title>\n<meta name=\"description\" content=\"Associazione della Societa&#039; Italiana di Patologia e Medicina Traslazionale per la ricerca in Patologia Generale, Patologia Clinica, Fisiopatologia, Medicina e Diagnostica di Laboratorio e Medicina Traslazionale - Associazione di promozione sociale.\" \/>\n<meta name=\"robots\" content=\"index, follow, max-snippet:-1, max-image-preview:large, max-video-preview:-1\" \/>\n<link rel=\"canonical\" href=\"https:\/\/www.sipmet.org\/index.php\/associazione-ripagec-aps\/\" \/>\n<meta property=\"og:locale\" content=\"it_IT\" \/>\n<meta property=\"og:type\" content=\"article\" \/>\n<meta property=\"og:title\" content=\"Associazione RiPaGeC - APS ETS Onlus - SIPMeT\" \/>\n<meta property=\"og:description\" content=\"Associazione della Societa&#039; Italiana di Patologia e Medicina Traslazionale per la ricerca in Patologia Generale, Patologia Clinica, Fisiopatologia, Medicina e Diagnostica di Laboratorio e Medicina Traslazionale - Associazione di promozione sociale.\" \/>\n<meta property=\"og:url\" content=\"https:\/\/www.sipmet.org\/index.php\/associazione-ripagec-aps\/\" \/>\n<meta property=\"og:site_name\" content=\"SIPMeT\" \/>\n<meta property=\"article:modified_time\" content=\"2023-03-20T08:35:55+00:00\" \/>\n<meta name=\"twitter:card\" content=\"summary_large_image\" \/>\n<meta name=\"twitter:label1\" content=\"Tempo di lettura stimato\" \/>\n\t<meta name=\"twitter:data1\" content=\"3 minuti\" \/>\n<script type=\"application\/ld+json\" class=\"yoast-schema-graph\">{\"@context\":\"https:\/\/schema.org\",\"@graph\":[{\"@type\":\"WebPage\",\"@id\":\"https:\/\/www.sipmet.org\/index.php\/associazione-ripagec-aps\/\",\"url\":\"https:\/\/www.sipmet.org\/index.php\/associazione-ripagec-aps\/\",\"name\":\"Associazione RiPaGeC - APS ETS Onlus - SIPMeT\",\"isPartOf\":{\"@id\":\"https:\/\/www.sipmet.org\/#website\"},\"datePublished\":\"2019-12-04T15:00:51+00:00\",\"dateModified\":\"2023-03-20T08:35:55+00:00\",\"description\":\"Associazione della Societa' Italiana di Patologia e Medicina Traslazionale per la ricerca in Patologia Generale, Patologia Clinica, Fisiopatologia, Medicina e Diagnostica di Laboratorio e Medicina Traslazionale - Associazione di promozione sociale.\",\"breadcrumb\":{\"@id\":\"https:\/\/www.sipmet.org\/index.php\/associazione-ripagec-aps\/#breadcrumb\"},\"inLanguage\":\"it-IT\",\"potentialAction\":[{\"@type\":\"ReadAction\",\"target\":[\"https:\/\/www.sipmet.org\/index.php\/associazione-ripagec-aps\/\"]}]},{\"@type\":\"BreadcrumbList\",\"@id\":\"https:\/\/www.sipmet.org\/index.php\/associazione-ripagec-aps\/#breadcrumb\",\"itemListElement\":[{\"@type\":\"ListItem\",\"position\":1,\"name\":\"Home\",\"item\":\"https:\/\/www.sipmet.org\/\"},{\"@type\":\"ListItem\",\"position\":2,\"name\":\"Associazione RiPaGeC &#8211; APS ETS Onlus\"}]},{\"@type\":\"WebSite\",\"@id\":\"https:\/\/www.sipmet.org\/#website\",\"url\":\"https:\/\/www.sipmet.org\/\",\"name\":\"SIPMeT\",\"description\":\"Societa Italiana di Patologia e Medicina Traslazionale\",\"publisher\":{\"@id\":\"https:\/\/www.sipmet.org\/#organization\"},\"potentialAction\":[{\"@type\":\"SearchAction\",\"target\":{\"@type\":\"EntryPoint\",\"urlTemplate\":\"https:\/\/www.sipmet.org\/?s={search_term_string}\"},\"query-input\":{\"@type\":\"PropertyValueSpecification\",\"valueRequired\":true,\"valueName\":\"search_term_string\"}}],\"inLanguage\":\"it-IT\"},{\"@type\":\"Organization\",\"@id\":\"https:\/\/www.sipmet.org\/#organization\",\"name\":\"Sipmet - Societa Italiana di Patologia e Medicina Traslazionale\",\"url\":\"https:\/\/www.sipmet.org\/\",\"logo\":{\"@type\":\"ImageObject\",\"inLanguage\":\"it-IT\",\"@id\":\"https:\/\/www.sipmet.org\/#\/schema\/logo\/image\/\",\"url\":\"https:\/\/www.sipmet.org\/wp-content\/uploads\/2019\/10\/LogoSIP1grande-150.png\",\"contentUrl\":\"https:\/\/www.sipmet.org\/wp-content\/uploads\/2019\/10\/LogoSIP1grande-150.png\",\"width\":150,\"height\":161,\"caption\":\"Sipmet - Societa Italiana di Patologia e Medicina Traslazionale\"},\"image\":{\"@id\":\"https:\/\/www.sipmet.org\/#\/schema\/logo\/image\/\"}}]}<\/script>\n<!-- \/ Yoast SEO plugin. -->","yoast_head_json":{"title":"Associazione RiPaGeC - APS ETS Onlus - SIPMeT","description":"Associazione della Societa' Italiana di Patologia e Medicina Traslazionale per la ricerca in Patologia Generale, Patologia Clinica, Fisiopatologia, Medicina e Diagnostica di Laboratorio e Medicina Traslazionale - Associazione di promozione sociale.","robots":{"index":"index","follow":"follow","max-snippet":"max-snippet:-1","max-image-preview":"max-image-preview:large","max-video-preview":"max-video-preview:-1"},"canonical":"https:\/\/www.sipmet.org\/index.php\/associazione-ripagec-aps\/","og_locale":"it_IT","og_type":"article","og_title":"Associazione RiPaGeC - APS ETS Onlus - SIPMeT","og_description":"Associazione della Societa' Italiana di Patologia e Medicina Traslazionale per la ricerca in Patologia Generale, Patologia Clinica, Fisiopatologia, Medicina e Diagnostica di Laboratorio e Medicina Traslazionale - Associazione di promozione sociale.","og_url":"https:\/\/www.sipmet.org\/index.php\/associazione-ripagec-aps\/","og_site_name":"SIPMeT","article_modified_time":"2023-03-20T08:35:55+00:00","twitter_card":"summary_large_image","twitter_misc":{"Tempo di lettura stimato":"3 minuti"},"schema":{"@context":"https:\/\/schema.org","@graph":[{"@type":"WebPage","@id":"https:\/\/www.sipmet.org\/index.php\/associazione-ripagec-aps\/","url":"https:\/\/www.sipmet.org\/index.php\/associazione-ripagec-aps\/","name":"Associazione RiPaGeC - APS ETS Onlus - SIPMeT","isPartOf":{"@id":"https:\/\/www.sipmet.org\/#website"},"datePublished":"2019-12-04T15:00:51+00:00","dateModified":"2023-03-20T08:35:55+00:00","description":"Associazione della Societa' Italiana di Patologia e Medicina Traslazionale per la ricerca in Patologia Generale, Patologia Clinica, Fisiopatologia, Medicina e Diagnostica di Laboratorio e Medicina Traslazionale - Associazione di promozione sociale.","breadcrumb":{"@id":"https:\/\/www.sipmet.org\/index.php\/associazione-ripagec-aps\/#breadcrumb"},"inLanguage":"it-IT","potentialAction":[{"@type":"ReadAction","target":["https:\/\/www.sipmet.org\/index.php\/associazione-ripagec-aps\/"]}]},{"@type":"BreadcrumbList","@id":"https:\/\/www.sipmet.org\/index.php\/associazione-ripagec-aps\/#breadcrumb","itemListElement":[{"@type":"ListItem","position":1,"name":"Home","item":"https:\/\/www.sipmet.org\/"},{"@type":"ListItem","position":2,"name":"Associazione RiPaGeC &#8211; APS ETS Onlus"}]},{"@type":"WebSite","@id":"https:\/\/www.sipmet.org\/#website","url":"https:\/\/www.sipmet.org\/","name":"SIPMeT","description":"Societa Italiana di Patologia e Medicina Traslazionale","publisher":{"@id":"https:\/\/www.sipmet.org\/#organization"},"potentialAction":[{"@type":"SearchAction","target":{"@type":"EntryPoint","urlTemplate":"https:\/\/www.sipmet.org\/?s={search_term_string}"},"query-input":{"@type":"PropertyValueSpecification","valueRequired":true,"valueName":"search_term_string"}}],"inLanguage":"it-IT"},{"@type":"Organization","@id":"https:\/\/www.sipmet.org\/#organization","name":"Sipmet - Societa Italiana di Patologia e Medicina Traslazionale","url":"https:\/\/www.sipmet.org\/","logo":{"@type":"ImageObject","inLanguage":"it-IT","@id":"https:\/\/www.sipmet.org\/#\/schema\/logo\/image\/","url":"https:\/\/www.sipmet.org\/wp-content\/uploads\/2019\/10\/LogoSIP1grande-150.png","contentUrl":"https:\/\/www.sipmet.org\/wp-content\/uploads\/2019\/10\/LogoSIP1grande-150.png","width":150,"height":161,"caption":"Sipmet - Societa Italiana di Patologia e Medicina Traslazionale"},"image":{"@id":"https:\/\/www.sipmet.org\/#\/schema\/logo\/image\/"}}]}},"_links":{"self":[{"href":"https:\/\/www.sipmet.org\/index.php\/wp-json\/wp\/v2\/pages\/92","targetHints":{"allow":["GET"]}}],"collection":[{"href":"https:\/\/www.sipmet.org\/index.php\/wp-json\/wp\/v2\/pages"}],"about":[{"href":"https:\/\/www.sipmet.org\/index.php\/wp-json\/wp\/v2\/types\/page"}],"author":[{"embeddable":true,"href":"https:\/\/www.sipmet.org\/index.php\/wp-json\/wp\/v2\/users\/1"}],"replies":[{"embeddable":true,"href":"https:\/\/www.sipmet.org\/index.php\/wp-json\/wp\/v2\/comments?post=92"}],"version-history":[{"count":5,"href":"https:\/\/www.sipmet.org\/index.php\/wp-json\/wp\/v2\/pages\/92\/revisions"}],"predecessor-version":[{"id":626,"href":"https:\/\/www.sipmet.org\/index.php\/wp-json\/wp\/v2\/pages\/92\/revisions\/626"}],"wp:attachment":[{"href":"https:\/\/www.sipmet.org\/index.php\/wp-json\/wp\/v2\/media?parent=92"}],"curies":[{"name":"wp","href":"https:\/\/api.w.org\/{rel}","templated":true}]}}