{"id":2,"date":"2019-10-22T09:00:45","date_gmt":"2019-10-22T07:00:45","guid":{"rendered":"https:\/\/www.sipmet.org\/?page_id=2"},"modified":"2022-05-25T09:40:54","modified_gmt":"2022-05-25T07:40:54","slug":"chi-siamo-sipmet","status":"publish","type":"page","link":"https:\/\/www.sipmet.org\/index.php\/chi-siamo-sipmet\/","title":{"rendered":"Chi siamo"},"content":{"rendered":"<section class=\"wpb-content-wrapper\"><p>[vc_row][vc_column]<div class=\"dt-fancy-separator title-left h3-size accent-title-color\" style=\"width: 100%;\"><div class=\"dt-fancy-title\"><span class=\"separator-holder separator-left\"><\/span>La Societ\u00e0 Italiana di Patologia nei primi anni<span class=\"separator-holder separator-right\"><\/span><\/div><\/div>[vc_empty_space][\/vc_column][\/vc_row][vc_row][vc_column width=&#8221;1\/2&#8243;][vc_column_text]<\/p>\n<h5 align=\"justify\">Non sono stato in grado di sottrarmi agli insistenti inviti del Prof. Comporti al fine di \u201cricordare\u201d i passi iniziali della Societ\u00e0 Italiana di Patologia dopo che tanto efficacemente i Proff. De Rinaldis e Giordano ne avevano illustrato gli ultimi cinquanta anni.<br \/>\nIl privilegio di avere vissuto fino al 1940 in istituti universitari e di averne percorso i \u201ccorridoi\u201d in varie sedi e in varie posizioni accademiche, mi danno la possibilit\u00e0 di retrodatare di dieci anni la cronaca chiedendo venia per l\u2019approssimazione e l\u2019unilateralit\u00e0 che gli scherzi della senilit\u00e0 fanno ad una corretta memoria.<\/h5>\n<p>[\/vc_column_text][\/vc_column][vc_column width=&#8221;1\/2&#8243;][vc_single_image image=&#8221;78&#8243; img_size=&#8221;full&#8221; alignment=&#8221;center&#8221; onclick=&#8221;link_image&#8221;][\/vc_column][\/vc_row][vc_row][vc_column][vc_column_text]<\/p>\n<h5 align=\"justify\">Per una ricostruzione degli eventi \u201cumani\u201d che precedettero la fondazione o rifondazione della Societ\u00e0 occorre partire dalla costituzione con Regio decreto del Settembre 1940 della Societ\u00e0 Italiana di Anatomia Patologica ad opera di alcuni professori della materia capeggiati dall\u2019Anatomo-Patologo Prof. Alberto Pepere, allora Rettore della Regia Universit\u00e0 di Milano.<br \/>\nDi origine napoletana, formatasi alla Scuola pisana del Maffucci e dirigendo successivamente gli Istituti di Cagliari, Messina e Catania, Egli ebbe grande seguito di allievi. La tragica fine di Pepere e gli eventi bellici misero in sonno la Societ\u00e0 che si risvegli\u00f2 solo nel dopo-guerra. Ma nel frattempo il minuscolo mondo accademico anatomo-patologico (poco pi\u00f9 di una decina di cattedre di ruolo, ma allora anche la Patologia Generale non ne aveva pi\u00f9 di tante!) si era ancor pi\u00f9 diviso in seguito a contrastati concorsi a cattedra.<br \/>\nN\u00e9 i contrasti tra le Scuole (in realt\u00e0 tra i Personaggi) si placarono quando fu attribuito al Prof. Armando Businco l\u2019onore e l\u2019onere di organizzare il I Congresso all\u2019Archiginnasio di Bologna tenutosi nel 1948 sul tema a lungo ponderato (gi\u00e0 nel 1943 ne ebbi l\u2019incarico della raccolta bibliografica) dei \u201ctumori del sistema reticolo-endoteliale\u201d.<br \/>\nBusinco era il pi\u00f9 anziano allievo di Pepere cui era succeduto alla cattedra di Milano il pi\u00f9 giovane e brillante Chiovenda. Il suicidio di Chiovenda port\u00f2 alla chiamata in cattedra del Prof. Piero Redaelli da Pavia, allievo di Monti e \u201cper li rami\u201d della Scuola del Golgi.<br \/>\nLa formazione culturale e gli interessi scientifici di Redaelli, la sua stessa posizione in quel momento antitetica al gruppo di anatomo-patologi della Scuola \u201cpeperiana\u201d, che occupavano i ruoli della Sicilia, Emilia Romagna e Sardegna, lo portarono a superare i limiti morfologici dell\u2019anatomia patologica dell\u2019epoca a concepire il ruolo della Patologia come un complesso unitario delle deviazioni biologiche di tutti i fenomeni vitali.<br \/>\nLa Societ\u00e0 Italiana di Patologia che egli contribu\u00ec come catalizzatore a riattivare comprese, nel suo nuovo Statuto, tre Sezioni: quella di Patologia Generale, quella di Anatomia Patologica Umana e quella di Patologia Comparata a sua volta formata da Patologi Veterinari e da Patologi Vegetali. Una chiara indicazione deriva dalla costituzione del I Consiglio direttivo:<\/h5>\n<ul type=\"disc\">\n<li>\n<h5>Presidente: Guido Sotti (Professore di Anatomia Patologica a Roma)<\/h5>\n<\/li>\n<li>\n<h5>Vice-Presidente: Pietro Rondoni (Patologia Generale di Milano) Beniamino Peyronel (Botanico)<\/h5>\n<\/li>\n<li>\n<h5>Consiglieri: Guido Vernoni (Patologia Generale di Roma), Antonio Costa (Anatomia Patologica di Firenze) e Luigi Leinati (Anatomia Patologica e Patologia Generale Veterinaria di Milano)<\/h5>\n<\/li>\n<li>\n<h5>Segretario: Piero Redaelli (Anatomia Patologica di Milano con sede della Segreteria nell\u2019Istituto di Milano).<\/h5>\n<\/li>\n<\/ul>\n<h5 align=\"justify\">Il concetto fu ribadito nei temi delle \u201cRelazioni del I Congresso di Roma\u201d:<\/h5>\n<ul>\n<li>\n<h5>G. Favilli: Istofisiopatologia dei mucopolisaccaridi dei tessuti mesenchimali (titolo sintetizzato dal Relatore)<\/h5>\n<\/li>\n<li>\n<h5>E. Baldacci \u2013 R. Ciferri: Proposta di una classificazione delle malattie delle piante su basi fisio- e morfo-patologiche<\/h5>\n<\/li>\n<li>\n<h5>P. Redaelli \u2013 C. Cavallero \u2013 S. Garberini: Gli ipercorticalismi della menopausa<\/h5>\n<\/li>\n<li>\n<h5>E. Barboni: Le miocarditi degli animali domestici.<\/h5>\n<\/li>\n<\/ul>\n<h5 align=\"justify\">Al II Congresso (Torino, 1951) i temi delle relazioni furono:<\/h5>\n<ul>\n<li>\n<h5>O. Verona: Aspetti patogenetici del fattore nutrizionale nei vegetali<\/h5>\n<\/li>\n<li>\n<h5>A. Giampalmo: Le tesaurosi lipidiche<\/h5>\n<\/li>\n<li>\n<h5>A. Giordano: Le miopatie ereditarie dell\u2019uomo<\/h5>\n<\/li>\n<li>\n<h5>M. Aloisi: La patologia generale della fibra muscolare scheletrica<\/h5>\n<\/li>\n<li>\n<h5>C. Ciaccio: Le statosi<\/h5>\n<\/li>\n<li>\n<h5>G. Bisbocci: Le encefaliti degli animali.<\/h5>\n<\/li>\n<\/ul>\n<h5 align=\"justify\">Negli anni seguenti, per tenersi sempre \u201csulle generali\u201d \u2013 oggi si direbbe sulla globalizzazione \u2013 e soddisfare le esigenze dei diversi patologi, furono trattati temi come patologia da virus, patologia dei fenomeni proliferativi e altri sino a raggiungere limiti estremi (a me tocc\u00f2 la relazione su \u201clesioni cutanee da causa fotodinamica\u201d (V Congresso di Como-Milano, 1957) e ad altri \u2026 gli effetti perversi della luce!).<br \/>\nFu fatale che progressivamente negli anni si staccassero dalla Societ\u00e0 di Patologia per seguire altri percorsi scientifici ed accademici dapprima i patologi vegetali, poi quelli veterinari e, infine, essendo la Segreteria a Milano nelle mani del Prof. Alfonso Giordano, succeduto al Redaelli, anche gli Anatomo Patologi.<br \/>\nCi\u00f2 avvenne soprattutto dopo il Congresso di Catania (1978). Il distacco fu sollecitato soprattutto dagli Anatomo-patologi ospedalieri i quali avevano notevolmente contribuito nelle sedi periferiche regionali a rivitalizzare\u00a0<u>Sezioni<\/u>\u00a0quali la\u00a0<u>ligure-lombarda-piemontese,<\/u>\u00a0quella attivissima\u00a0<u>triveneta<\/u>\u00a0e quella\u00a0<u>meridionale<\/u>. Con il compianto Prof. Tullio Terranova, io stesso contribuii alla costituzione di una\u00a0<u>Sezione Abruzzo-Lazio-Sardegna<\/u>\u00a0che organizz\u00f2 diverse e proficue riunioni.<br \/>\nInoltre lo stesso Prof. Giordano fu tra i fondatori della Societ\u00e0 europea di Patologia e costitu\u00ec la Divisione italiana della International Academy of Pathology (IAP); Societ\u00e0 che coordinano la propria attivit\u00e0 stabilendo di tenere le loro riunioni congressuali in anni alterni. Il primo Congresso della Societ\u00e0 Europea di Patologia si svolse a Varsavia (1\u00b0 Giugno 1966) in occasione del Millennio di costituzione cristiana della Polonia.<br \/>\nAvendo frequentato personalmente o mediante collaboratori o allievi\u00a0<u>tutti<\/u>\u00a0i Congressi della European Society of Pathology sino a quello di Barcellona (1999), spiace constatare che rarissimi siano i Patologi generali italiani iscritti a queste dinamiche e vivaci istituzioni internazionali che riuniscono migliaia di scienziati tra cui decine di italiani.<br \/>\nPer quanto riguarda l\u2019Italia, gli Anatomo patologi, dopo un esperimento federativo, alla fine si sono riuniti tutti in una Societ\u00e0 Italiana di Anatomia Patologica e Citologia (SIAPEC) affidando i compiti di Segreteria, Archivio, Amministrazione ad una Agenzia, il che consente ai Soci di concentrare i propri sforzi sul programma scientifico pi\u00f9 che su quello organizzativo.<br \/>\nLa rivista ufficiale della SIAPEC \u00e8 la quasi centenaria \u201cPathologica\u201d, ora edita da Sprinter. E\u2019 utile ricordare che in passato (1925-1938) ne fu Direttore il Patologo A. Cesaris Demel.<br \/>\nCon rammarico mi accorgo di essermi introdotto abusivamente nei \u201ccorridoi\u201d del presente. Gli interessi scientifici si sono talmente dilatati e differenziati che in ognuna delle nostre attivit\u00e0 di ricerca e insegnamento si verificano ulteriori suddivisioni specialistiche, metodologiche e frammentazioni compartimentali, culturali e chi pi\u00f9 ne ha pi\u00f9 ne metta, in senso centrifugo. Peccato che i corsi e i ricorsi storici poco insegnino per il futuro. Per il quale, allo stato attuale, non vi \u00e8 altro che auspicare che i Patologi, sia generalisti che anatomisti, continuino almeno singolarmente se non collettivamente a svolgere proficuamente il loro diversificato lavoro.<\/h5>\n<h5 align=\"justify\"><\/h5>\n<h5 style=\"text-align: right;\" align=\"justify\"><em>Mario Alberto Dina<\/em><\/h5>\n<p>[\/vc_column_text][\/vc_column][\/vc_row][vc_row css=&#8221;.vc_custom_1579000018334{padding-top: 20px !important;padding-bottom: 20px !important;}&#8221;][vc_column]<div class=\"dt-fancy-separator title-left h3-size accent-title-color\" style=\"width: 100%;\"><div class=\"dt-fancy-title\"><span class=\"separator-holder separator-left\"><\/span>Storico dei Notiziari della Societ\u00e0<span class=\"separator-holder separator-right\"><\/span><\/div><\/div>[\/vc_column][\/vc_row][vc_row][vc_column width=&#8221;1\/3&#8243;]<style type=\"text\/css\" data-type=\"the7_shortcodes-inline-css\">#default-btn-925092eeb2efc8d5019cdfe4b6fd0a20.ico-right-side > i {\n  margin-right: 0px;\n  margin-left: 8px;\n}\n#default-btn-925092eeb2efc8d5019cdfe4b6fd0a20 > i {\n  margin-right: 8px;\n}<\/style><a href=\"https:\/\/www.sipmet.org\/wp-content\/uploads\/2020\/01\/Notiziario-no.-1.pdf\" class=\"default-btn-shortcode dt-btn dt-btn-l link-hover-off btn-inline-left \" target=\"_blank\" id=\"default-btn-925092eeb2efc8d5019cdfe4b6fd0a20\" rel=\"noopener\"><span>Numero 1 &#8211; Ottobre 2001<\/span><\/a>[\/vc_column][vc_column width=&#8221;1\/3&#8243;]<style type=\"text\/css\" data-type=\"the7_shortcodes-inline-css\">#default-btn-1c3869f728b5df3b8df3feab3658a9d8.ico-right-side > i {\n  margin-right: 0px;\n  margin-left: 8px;\n}\n#default-btn-1c3869f728b5df3b8df3feab3658a9d8 > i {\n  margin-right: 8px;\n}<\/style><a href=\"https:\/\/www.sipmet.org\/wp-content\/uploads\/2020\/01\/Notiziario-no.-2.pdf\" class=\"default-btn-shortcode dt-btn dt-btn-l link-hover-off btn-inline-left \" target=\"_blank\" id=\"default-btn-1c3869f728b5df3b8df3feab3658a9d8\" rel=\"noopener\"><span>Numero 2 &#8211; Ottobre 2002<\/span><\/a>[\/vc_column][vc_column width=&#8221;1\/3&#8243;]<style type=\"text\/css\" data-type=\"the7_shortcodes-inline-css\">#default-btn-468a930ea2f072e92bf2278b9c8959a4.ico-right-side > i {\n  margin-right: 0px;\n  margin-left: 8px;\n}\n#default-btn-468a930ea2f072e92bf2278b9c8959a4 > i {\n  margin-right: 8px;\n}<\/style><a href=\"https:\/\/www.sipmet.org\/wp-content\/uploads\/2020\/01\/Notiziario-no.-3.pdf\" class=\"default-btn-shortcode dt-btn dt-btn-l link-hover-off btn-inline-left \" target=\"_blank\" id=\"default-btn-468a930ea2f072e92bf2278b9c8959a4\" rel=\"noopener\"><span>Numero 3 &#8211; Febbraio 2005<\/span><\/a>[\/vc_column][\/vc_row]<\/p>\n<\/section>","protected":false},"excerpt":{"rendered":"<p>[vc_row][vc_column][vc_empty_space][\/vc_column][\/vc_row][vc_row][vc_column width=&#8221;1\/2&#8243;][vc_column_text] Non sono stato in grado di sottrarmi agli insistenti inviti del Prof. Comporti al fine di \u201cricordare\u201d i passi iniziali della Societ\u00e0 Italiana di Patologia dopo che tanto efficacemente i Proff. De Rinaldis e Giordano ne avevano illustrato gli ultimi cinquanta anni. Il privilegio di avere vissuto fino al 1940 in istituti universitari&hellip;<\/p>\n","protected":false},"author":1,"featured_media":0,"parent":0,"menu_order":0,"comment_status":"closed","ping_status":"open","template":"","meta":{"footnotes":""},"class_list":["post-2","page","type-page","status-publish","hentry","description-off"],"yoast_head":"<!-- This site is optimized with the Yoast SEO plugin v27.1.1 - https:\/\/yoast.com\/product\/yoast-seo-wordpress\/ -->\n<title>Chi siamo - SIPMeT<\/title>\n<meta name=\"description\" content=\"La Societ\u00e0 Italiana di Patologia comprende tre Sezioni: quella di Patologia Generale, quella di Anatomia Patologica Umana e quella di Patologia Comparata a sua volta formata da Patologi Veterinari e da Patologi Vegetali\" \/>\n<meta name=\"robots\" content=\"index, follow, max-snippet:-1, max-image-preview:large, max-video-preview:-1\" \/>\n<link rel=\"canonical\" href=\"https:\/\/www.sipmet.org\/index.php\/chi-siamo-sipmet\/\" \/>\n<meta property=\"og:locale\" content=\"it_IT\" \/>\n<meta property=\"og:type\" content=\"article\" \/>\n<meta property=\"og:title\" content=\"Chi siamo - SIPMeT\" \/>\n<meta property=\"og:description\" content=\"La Societ\u00e0 Italiana di Patologia comprende tre Sezioni: quella di Patologia Generale, quella di Anatomia Patologica Umana e quella di Patologia Comparata a sua volta formata da Patologi Veterinari e da Patologi Vegetali\" \/>\n<meta property=\"og:url\" content=\"https:\/\/www.sipmet.org\/index.php\/chi-siamo-sipmet\/\" \/>\n<meta property=\"og:site_name\" content=\"SIPMeT\" \/>\n<meta property=\"article:modified_time\" content=\"2022-05-25T07:40:54+00:00\" \/>\n<meta name=\"twitter:card\" content=\"summary_large_image\" \/>\n<meta name=\"twitter:label1\" content=\"Tempo di lettura stimato\" \/>\n\t<meta name=\"twitter:data1\" content=\"6 minuti\" \/>\n<script type=\"application\/ld+json\" class=\"yoast-schema-graph\">{\"@context\":\"https:\/\/schema.org\",\"@graph\":[{\"@type\":\"WebPage\",\"@id\":\"https:\/\/www.sipmet.org\/index.php\/chi-siamo-sipmet\/\",\"url\":\"https:\/\/www.sipmet.org\/index.php\/chi-siamo-sipmet\/\",\"name\":\"Chi siamo - SIPMeT\",\"isPartOf\":{\"@id\":\"https:\/\/www.sipmet.org\/#website\"},\"datePublished\":\"2019-10-22T07:00:45+00:00\",\"dateModified\":\"2022-05-25T07:40:54+00:00\",\"description\":\"La Societ\u00e0 Italiana di Patologia comprende tre Sezioni: quella di Patologia Generale, quella di Anatomia Patologica Umana e quella di Patologia Comparata a sua volta formata da Patologi Veterinari e da Patologi Vegetali\",\"breadcrumb\":{\"@id\":\"https:\/\/www.sipmet.org\/index.php\/chi-siamo-sipmet\/#breadcrumb\"},\"inLanguage\":\"it-IT\",\"potentialAction\":[{\"@type\":\"ReadAction\",\"target\":[\"https:\/\/www.sipmet.org\/index.php\/chi-siamo-sipmet\/\"]}]},{\"@type\":\"BreadcrumbList\",\"@id\":\"https:\/\/www.sipmet.org\/index.php\/chi-siamo-sipmet\/#breadcrumb\",\"itemListElement\":[{\"@type\":\"ListItem\",\"position\":1,\"name\":\"Home\",\"item\":\"https:\/\/www.sipmet.org\/\"},{\"@type\":\"ListItem\",\"position\":2,\"name\":\"Chi siamo\"}]},{\"@type\":\"WebSite\",\"@id\":\"https:\/\/www.sipmet.org\/#website\",\"url\":\"https:\/\/www.sipmet.org\/\",\"name\":\"SIPMeT\",\"description\":\"Societa Italiana di Patologia e Medicina Traslazionale\",\"publisher\":{\"@id\":\"https:\/\/www.sipmet.org\/#organization\"},\"potentialAction\":[{\"@type\":\"SearchAction\",\"target\":{\"@type\":\"EntryPoint\",\"urlTemplate\":\"https:\/\/www.sipmet.org\/?s={search_term_string}\"},\"query-input\":{\"@type\":\"PropertyValueSpecification\",\"valueRequired\":true,\"valueName\":\"search_term_string\"}}],\"inLanguage\":\"it-IT\"},{\"@type\":\"Organization\",\"@id\":\"https:\/\/www.sipmet.org\/#organization\",\"name\":\"Sipmet - Societa Italiana di Patologia e Medicina Traslazionale\",\"url\":\"https:\/\/www.sipmet.org\/\",\"logo\":{\"@type\":\"ImageObject\",\"inLanguage\":\"it-IT\",\"@id\":\"https:\/\/www.sipmet.org\/#\/schema\/logo\/image\/\",\"url\":\"https:\/\/www.sipmet.org\/wp-content\/uploads\/2019\/10\/LogoSIP1grande-150.png\",\"contentUrl\":\"https:\/\/www.sipmet.org\/wp-content\/uploads\/2019\/10\/LogoSIP1grande-150.png\",\"width\":150,\"height\":161,\"caption\":\"Sipmet - Societa Italiana di Patologia e Medicina Traslazionale\"},\"image\":{\"@id\":\"https:\/\/www.sipmet.org\/#\/schema\/logo\/image\/\"}}]}<\/script>\n<!-- \/ Yoast SEO plugin. -->","yoast_head_json":{"title":"Chi siamo - SIPMeT","description":"La Societ\u00e0 Italiana di Patologia comprende tre Sezioni: quella di Patologia Generale, quella di Anatomia Patologica Umana e quella di Patologia Comparata a sua volta formata da Patologi Veterinari e da Patologi Vegetali","robots":{"index":"index","follow":"follow","max-snippet":"max-snippet:-1","max-image-preview":"max-image-preview:large","max-video-preview":"max-video-preview:-1"},"canonical":"https:\/\/www.sipmet.org\/index.php\/chi-siamo-sipmet\/","og_locale":"it_IT","og_type":"article","og_title":"Chi siamo - SIPMeT","og_description":"La Societ\u00e0 Italiana di Patologia comprende tre Sezioni: quella di Patologia Generale, quella di Anatomia Patologica Umana e quella di Patologia Comparata a sua volta formata da Patologi Veterinari e da Patologi Vegetali","og_url":"https:\/\/www.sipmet.org\/index.php\/chi-siamo-sipmet\/","og_site_name":"SIPMeT","article_modified_time":"2022-05-25T07:40:54+00:00","twitter_card":"summary_large_image","twitter_misc":{"Tempo di lettura stimato":"6 minuti"},"schema":{"@context":"https:\/\/schema.org","@graph":[{"@type":"WebPage","@id":"https:\/\/www.sipmet.org\/index.php\/chi-siamo-sipmet\/","url":"https:\/\/www.sipmet.org\/index.php\/chi-siamo-sipmet\/","name":"Chi siamo - SIPMeT","isPartOf":{"@id":"https:\/\/www.sipmet.org\/#website"},"datePublished":"2019-10-22T07:00:45+00:00","dateModified":"2022-05-25T07:40:54+00:00","description":"La Societ\u00e0 Italiana di Patologia comprende tre Sezioni: quella di Patologia Generale, quella di Anatomia Patologica Umana e quella di Patologia Comparata a sua volta formata da Patologi Veterinari e da Patologi Vegetali","breadcrumb":{"@id":"https:\/\/www.sipmet.org\/index.php\/chi-siamo-sipmet\/#breadcrumb"},"inLanguage":"it-IT","potentialAction":[{"@type":"ReadAction","target":["https:\/\/www.sipmet.org\/index.php\/chi-siamo-sipmet\/"]}]},{"@type":"BreadcrumbList","@id":"https:\/\/www.sipmet.org\/index.php\/chi-siamo-sipmet\/#breadcrumb","itemListElement":[{"@type":"ListItem","position":1,"name":"Home","item":"https:\/\/www.sipmet.org\/"},{"@type":"ListItem","position":2,"name":"Chi siamo"}]},{"@type":"WebSite","@id":"https:\/\/www.sipmet.org\/#website","url":"https:\/\/www.sipmet.org\/","name":"SIPMeT","description":"Societa Italiana di Patologia e Medicina Traslazionale","publisher":{"@id":"https:\/\/www.sipmet.org\/#organization"},"potentialAction":[{"@type":"SearchAction","target":{"@type":"EntryPoint","urlTemplate":"https:\/\/www.sipmet.org\/?s={search_term_string}"},"query-input":{"@type":"PropertyValueSpecification","valueRequired":true,"valueName":"search_term_string"}}],"inLanguage":"it-IT"},{"@type":"Organization","@id":"https:\/\/www.sipmet.org\/#organization","name":"Sipmet - Societa Italiana di Patologia e Medicina Traslazionale","url":"https:\/\/www.sipmet.org\/","logo":{"@type":"ImageObject","inLanguage":"it-IT","@id":"https:\/\/www.sipmet.org\/#\/schema\/logo\/image\/","url":"https:\/\/www.sipmet.org\/wp-content\/uploads\/2019\/10\/LogoSIP1grande-150.png","contentUrl":"https:\/\/www.sipmet.org\/wp-content\/uploads\/2019\/10\/LogoSIP1grande-150.png","width":150,"height":161,"caption":"Sipmet - Societa Italiana di Patologia e Medicina Traslazionale"},"image":{"@id":"https:\/\/www.sipmet.org\/#\/schema\/logo\/image\/"}}]}},"_links":{"self":[{"href":"https:\/\/www.sipmet.org\/index.php\/wp-json\/wp\/v2\/pages\/2","targetHints":{"allow":["GET"]}}],"collection":[{"href":"https:\/\/www.sipmet.org\/index.php\/wp-json\/wp\/v2\/pages"}],"about":[{"href":"https:\/\/www.sipmet.org\/index.php\/wp-json\/wp\/v2\/types\/page"}],"author":[{"embeddable":true,"href":"https:\/\/www.sipmet.org\/index.php\/wp-json\/wp\/v2\/users\/1"}],"replies":[{"embeddable":true,"href":"https:\/\/www.sipmet.org\/index.php\/wp-json\/wp\/v2\/comments?post=2"}],"version-history":[{"count":5,"href":"https:\/\/www.sipmet.org\/index.php\/wp-json\/wp\/v2\/pages\/2\/revisions"}],"predecessor-version":[{"id":54,"href":"https:\/\/www.sipmet.org\/index.php\/wp-json\/wp\/v2\/pages\/2\/revisions\/54"}],"wp:attachment":[{"href":"https:\/\/www.sipmet.org\/index.php\/wp-json\/wp\/v2\/media?parent=2"}],"curies":[{"name":"wp","href":"https:\/\/api.w.org\/{rel}","templated":true}]}}