{"id":12,"date":"2019-10-23T15:22:02","date_gmt":"2019-10-23T13:22:02","guid":{"rendered":"https:\/\/www.sipmet.org\/?page_id=12"},"modified":"2019-12-03T18:10:39","modified_gmt":"2019-12-03T17:10:39","slug":"regolamento","status":"publish","type":"page","link":"https:\/\/www.sipmet.org\/index.php\/regolamento\/","title":{"rendered":"Regolamento"},"content":{"rendered":"<section class=\"wpb-content-wrapper\"><p>[vc_row][vc_column]<div class=\"dt-fancy-separator title-left h4-size accent-title-color\" style=\"width: 100%;\"><div class=\"dt-fancy-title\"><span class=\"separator-holder separator-left\"><\/span>REGOLAMENTO DELLA SOCIET\u00c0 ITALIANA DI PATOLOGIA E MEDICINA TRASLAZIONALE<span class=\"separator-holder separator-right\"><\/span><\/div><\/div>[vc_empty_space][vc_column_text]<\/p>\n<h5 class=\"style8\" style=\"text-align: center;\">In vigore da Marzo 2012<\/h5>\n<h5><\/h5>\n<h5><\/h5>\n<h5 class=\"style4\" style=\"text-align: justify;\"><span class=\"style7\">ART. 1 &#8211; Nuovi soci<\/span><\/h5>\n<h5 class=\"style4\" style=\"text-align: left;\">1. Le domande di ammissione alla Societ\u00e0 vanno controfirmate da almeno due Soci ordinari ed inviate al Segretario-tesoriere. La richiesta dovr\u00e0 essere corredata da un curriculum del candidato, con elenco dei lavori pubblicati, estratti di pubblicazioni ed ogni altra informazione che il richiedente possa ritenere utile al fine dell&#8217;ammissione nella Societ\u00e0. Il Consiglio direttivo pu\u00f2 predisporre appositi moduli da inviare al candidato per facilitare la raccolta di informazioni.<\/h5>\n<h5 class=\"style4\" style=\"text-align: left;\">2. Il Segretario-tesoriere sottoporr\u00e0 la richiesta di ammissione al Consiglio direttivo nella riunione immediatamente successiva al ricevimento della richiesta. Se del caso, il Consiglio direttivo potr\u00e0 richiedere ulteriori informazioni al candidato o ad altri Soci. Il Consiglio direttivo decide, sulla base della documentazione ricevuta e tenuto conto della richiesta dei candidati, se accettare il candidato come Socio Ordinario oppure come Socio Sostenitore oppure respingere la domanda.<\/h5>\n<h5 class=\"style4\" style=\"text-align: justify;\">3. Il candidato a Socio Ordinario accettato dal Consiglio direttivo ricever\u00e0 una copia dello Statuto della Societ\u00e0, le pubblicazioni della Societ\u00e0 e potr\u00e0 partecipare alle manifestazioni societarie previo pagamento della quota associativa.<\/h5>\n<h5 class=\"style4\" style=\"text-align: left;\">4. Il Consiglio direttivo provveder\u00e0 a notificare ai candidati le proprie decisioni. La qualifica di Socio a tutti gli effetti decorre dal momento della notifica da parte del Consiglio direttivo.<\/h5>\n<h5 style=\"text-align: left;\"><\/h5>\n<h5><\/h5>\n<h5 class=\"style4\" style=\"text-align: left;\">ART. 2 &#8211; Quote associative<\/h5>\n<h5 class=\"style4\" style=\"text-align: justify;\">1. L&#8217;anno fiscale della Societ\u00e0 corrisponde a quello solare. Le quote associative da versare entro il primo quadrimestre dell&#8217;anno solare andranno versate al Segretario-tesoriere a mezzo di assegno non trasferibile o versate direttamente sul conto corrente bancario o postale della Societ\u00e0.<\/h5>\n<h5 class=\"style4\" style=\"text-align: justify;\">2. Il versamento della quota associativa permetter\u00e0 di usufruire dei diritti e privilegi spettanti al Socio, tra cui ricevere gli Atti del Congresso ed il Notiziario della Societ\u00e0.<\/h5>\n<h5 style=\"text-align: left;\"><\/h5>\n<h5><\/h5>\n<h5 class=\"style4\" style=\"text-align: left;\">ART. 3 \u2013 Congressi<\/h5>\n<h5 class=\"style4\" style=\"text-align: justify;\">1. Il Consiglio direttivo provvede all&#8217;organizzazione del Congresso biennale e di altre riunioni scientifiche:<\/h5>\n<h5 class=\"style4\" style=\"text-align: left;\">(a) decidendo il tema del Congresso o della riunione;<\/h5>\n<h5 class=\"style4\" style=\"text-align: left;\">(b) scegliendo la sede ed il Presidente del Congresso;<\/h5>\n<h5 class=\"style4\" style=\"text-align: left;\">(c) elaborando il programma scientifico;<\/h5>\n<h5 class=\"style4\" style=\"text-align: left;\">(d) stabilendo le norme per l&#8217;accettazione di comunicazioni e relazioni e la loro eventuale pubblicazione negli Atti.<\/h5>\n<h5 class=\"style4\" style=\"text-align: justify;\">2. Il Redattore responsabile degli Atti sar\u00e0 il Presidente del Congresso che si uniformer\u00e0 alle direttive del Consiglio secondo le regole editoriali specificate nell&#8217;art. 4 di questo Regolamento.<\/h5>\n<h5 style=\"text-align: left;\"><\/h5>\n<h5><\/h5>\n<h5 class=\"style4\" style=\"text-align: left;\">ART. 4 \u2013 Pubblicazioni<\/h5>\n<h5 class=\"style4\" style=\"text-align: justify;\">1. Il Consiglio direttivo promuove e cura, anche attraverso altri Soci Ordinari nominati a tal fine, la redazione e la stampa delle pubblicazioni della Societ\u00e0.<\/h5>\n<h5 class=\"style4\" style=\"text-align: justify;\">2. Il Comitato accetta o respinge lavori inviati per la stampa nelle pubblicazioni della Societ\u00e0 avendo a principio ispiratore di assicurare che essi siano scientificamente validi. A questo scopo pu\u00f2 essere richiesto il parere di uno o pi\u00f9 esperti in Italia o all&#8217;Estero.<\/h5>\n<h5 class=\"style4\" style=\"text-align: justify;\">3. Il Consiglio direttivo pu\u00f2 scegliere quale Direttore responsabile delle pubblicazioni della Societ\u00e0 anche persona al di fuori della Societ\u00e0.<\/h5>\n<h5 style=\"text-align: left;\"><\/h5>\n<h5><\/h5>\n<h5 class=\"style4\" style=\"text-align: left;\">ART. 5 &#8211; Votazioni per lettera<\/h5>\n<h5 class=\"style4\" style=\"text-align: justify;\">1. Il Consiglio direttivo rediger\u00e0 l&#8217;elenco dei Soci aventi diritto al voto e che siano in regola col pagamento della quota associativa. In caso di prima votazione, Soci Emeriti non vengono computati ai fini della determinazione del quorum dei 2\/3 degli aventi diritto al voto.<\/h5>\n<h5 class=\"style4\" style=\"text-align: justify;\">2. A tali Soci verr\u00e0 inviata una lettera con la spiegazione dei motivi e della procedura della votazione ed una scheda per la votazione<\/h5>\n<h5 class=\"style4\" style=\"text-align: justify;\">3. Il Socio dovr\u00e0 far pervenire la scheda per posta, fax o posta elettronica al Segretario-tesoriere della Societ\u00e0 entro la data stabilita all\u2019indirizzo indicatogli. Nell\u2019uso della posta elettronica far\u00e0 fede la casella di posta elettronica di provenienza.<\/h5>\n<h5 class=\"style4\" style=\"text-align: justify;\">4. Il Segretario-tesoriere raccoglier\u00e0 tutte le lettere o le e-mail pervenute entro 4 settimane dalla data di scadenza per la spedizione da parte del Socio. In una apposita riunione del Consiglio direttivo i voti raccolti verranno conteggiati.<\/h5>\n<h5 class=\"style4\" style=\"text-align: justify;\">5. Il Presidente ed il Segretario-tesoriere prepareranno un verbale della riunione registrando i risultati della votazione che verranno comunicati al pi\u00f9 presto a tutti i Soci.<\/h5>\n<h5 class=\"style4\" style=\"text-align: justify;\">6. Il Consiglio direttivo pu\u00f2 immediatamente attuare quanto deciso dalla votazione.<\/h5>\n<h5 style=\"text-align: left;\"><\/h5>\n<h5><\/h5>\n<h5 class=\"style4\" style=\"text-align: left;\">ART. 6 &#8211; Norme transitorie<\/h5>\n<h5 class=\"style4\" style=\"text-align: justify;\">Dopo l&#8217;approvazione delle modifiche di Statuto, nel caso in cui le modifiche avessero interessato aspetti inerenti l\u2019elezione degli organi di gestione della Societ\u00e0, il Consiglio direttivo in carica provveder\u00e0, nell&#8217;ambito della stessa Assemblea generale, ma, se necessario, in una successiva seduta, a indire le elezioni seconde le nuove norme.<\/h5>\n<p>[\/vc_column_text]<style type=\"text\/css\" data-type=\"the7_shortcodes-inline-css\">\/*\nImpossibile accedere al file di sistema.\n*\/<\/style><a href=\"https:\/\/www.sipmet.org\/wp-content\/uploads\/2019\/10\/Statuto-Regolamento-SIPMeT-marzo-2012.pdf\" class=\"default-btn-shortcode dt-btn dt-btn-l link-hover-off btn-inline-left \" target=\"_blank\" id=\"default-btn-f77c07a99f8ccfd940eaee002b24a9ba\" rel=\"noopener\"><span>Scarica il PDF<\/span><\/a>[\/vc_column][\/vc_row]<\/p>\n<\/section>","protected":false},"excerpt":{"rendered":"<p>[vc_row][vc_column][vc_empty_space][vc_column_text] In vigore da Marzo 2012 ART. 1 &#8211; Nuovi soci 1. Le domande di ammissione alla Societ\u00e0 vanno controfirmate da almeno due Soci ordinari ed inviate al Segretario-tesoriere. La richiesta dovr\u00e0 essere corredata da un curriculum del candidato, con elenco dei lavori pubblicati, estratti di pubblicazioni ed ogni altra informazione che il richiedente possa&hellip;<\/p>\n","protected":false},"author":1,"featured_media":0,"parent":0,"menu_order":0,"comment_status":"closed","ping_status":"closed","template":"","meta":{"footnotes":""},"class_list":["post-12","page","type-page","status-publish","hentry","description-off"],"yoast_head":"<!-- This site is optimized with the Yoast SEO plugin v27.1.1 - https:\/\/yoast.com\/product\/yoast-seo-wordpress\/ -->\n<title>Regolamento - SIPMeT<\/title>\n<meta name=\"robots\" content=\"index, follow, max-snippet:-1, max-image-preview:large, max-video-preview:-1\" \/>\n<link rel=\"canonical\" href=\"https:\/\/www.sipmet.org\/index.php\/regolamento\/\" \/>\n<meta property=\"og:locale\" content=\"it_IT\" \/>\n<meta property=\"og:type\" content=\"article\" \/>\n<meta property=\"og:title\" content=\"Regolamento - SIPMeT\" \/>\n<meta property=\"og:description\" content=\"[vc_row][vc_column][vc_empty_space][vc_column_text] In vigore da Marzo 2012 ART. 1 &#8211; Nuovi soci 1. Le domande di ammissione alla Societ\u00e0 vanno controfirmate da almeno due Soci ordinari ed inviate al Segretario-tesoriere. La richiesta dovr\u00e0 essere corredata da un curriculum del candidato, con elenco dei lavori pubblicati, estratti di pubblicazioni ed ogni altra informazione che il richiedente possa&hellip;\" \/>\n<meta property=\"og:url\" content=\"https:\/\/www.sipmet.org\/index.php\/regolamento\/\" \/>\n<meta property=\"og:site_name\" content=\"SIPMeT\" \/>\n<meta property=\"article:modified_time\" content=\"2019-12-03T17:10:39+00:00\" \/>\n<meta name=\"twitter:card\" content=\"summary_large_image\" \/>\n<meta name=\"twitter:label1\" content=\"Tempo di lettura stimato\" \/>\n\t<meta name=\"twitter:data1\" content=\"4 minuti\" \/>\n<script type=\"application\/ld+json\" class=\"yoast-schema-graph\">{\"@context\":\"https:\/\/schema.org\",\"@graph\":[{\"@type\":\"WebPage\",\"@id\":\"https:\/\/www.sipmet.org\/index.php\/regolamento\/\",\"url\":\"https:\/\/www.sipmet.org\/index.php\/regolamento\/\",\"name\":\"Regolamento - SIPMeT\",\"isPartOf\":{\"@id\":\"https:\/\/www.sipmet.org\/#website\"},\"datePublished\":\"2019-10-23T13:22:02+00:00\",\"dateModified\":\"2019-12-03T17:10:39+00:00\",\"breadcrumb\":{\"@id\":\"https:\/\/www.sipmet.org\/index.php\/regolamento\/#breadcrumb\"},\"inLanguage\":\"it-IT\",\"potentialAction\":[{\"@type\":\"ReadAction\",\"target\":[\"https:\/\/www.sipmet.org\/index.php\/regolamento\/\"]}]},{\"@type\":\"BreadcrumbList\",\"@id\":\"https:\/\/www.sipmet.org\/index.php\/regolamento\/#breadcrumb\",\"itemListElement\":[{\"@type\":\"ListItem\",\"position\":1,\"name\":\"Home\",\"item\":\"https:\/\/www.sipmet.org\/\"},{\"@type\":\"ListItem\",\"position\":2,\"name\":\"Regolamento\"}]},{\"@type\":\"WebSite\",\"@id\":\"https:\/\/www.sipmet.org\/#website\",\"url\":\"https:\/\/www.sipmet.org\/\",\"name\":\"SIPMeT\",\"description\":\"Societa Italiana di Patologia e Medicina Traslazionale\",\"publisher\":{\"@id\":\"https:\/\/www.sipmet.org\/#organization\"},\"potentialAction\":[{\"@type\":\"SearchAction\",\"target\":{\"@type\":\"EntryPoint\",\"urlTemplate\":\"https:\/\/www.sipmet.org\/?s={search_term_string}\"},\"query-input\":{\"@type\":\"PropertyValueSpecification\",\"valueRequired\":true,\"valueName\":\"search_term_string\"}}],\"inLanguage\":\"it-IT\"},{\"@type\":\"Organization\",\"@id\":\"https:\/\/www.sipmet.org\/#organization\",\"name\":\"Sipmet - Societa Italiana di Patologia e Medicina Traslazionale\",\"url\":\"https:\/\/www.sipmet.org\/\",\"logo\":{\"@type\":\"ImageObject\",\"inLanguage\":\"it-IT\",\"@id\":\"https:\/\/www.sipmet.org\/#\/schema\/logo\/image\/\",\"url\":\"https:\/\/www.sipmet.org\/wp-content\/uploads\/2019\/10\/LogoSIP1grande-150.png\",\"contentUrl\":\"https:\/\/www.sipmet.org\/wp-content\/uploads\/2019\/10\/LogoSIP1grande-150.png\",\"width\":150,\"height\":161,\"caption\":\"Sipmet - Societa Italiana di Patologia e Medicina Traslazionale\"},\"image\":{\"@id\":\"https:\/\/www.sipmet.org\/#\/schema\/logo\/image\/\"}}]}<\/script>\n<!-- \/ Yoast SEO plugin. -->","yoast_head_json":{"title":"Regolamento - SIPMeT","robots":{"index":"index","follow":"follow","max-snippet":"max-snippet:-1","max-image-preview":"max-image-preview:large","max-video-preview":"max-video-preview:-1"},"canonical":"https:\/\/www.sipmet.org\/index.php\/regolamento\/","og_locale":"it_IT","og_type":"article","og_title":"Regolamento - SIPMeT","og_description":"[vc_row][vc_column][vc_empty_space][vc_column_text] In vigore da Marzo 2012 ART. 1 &#8211; Nuovi soci 1. Le domande di ammissione alla Societ\u00e0 vanno controfirmate da almeno due Soci ordinari ed inviate al Segretario-tesoriere. La richiesta dovr\u00e0 essere corredata da un curriculum del candidato, con elenco dei lavori pubblicati, estratti di pubblicazioni ed ogni altra informazione che il richiedente possa&hellip;","og_url":"https:\/\/www.sipmet.org\/index.php\/regolamento\/","og_site_name":"SIPMeT","article_modified_time":"2019-12-03T17:10:39+00:00","twitter_card":"summary_large_image","twitter_misc":{"Tempo di lettura stimato":"4 minuti"},"schema":{"@context":"https:\/\/schema.org","@graph":[{"@type":"WebPage","@id":"https:\/\/www.sipmet.org\/index.php\/regolamento\/","url":"https:\/\/www.sipmet.org\/index.php\/regolamento\/","name":"Regolamento - SIPMeT","isPartOf":{"@id":"https:\/\/www.sipmet.org\/#website"},"datePublished":"2019-10-23T13:22:02+00:00","dateModified":"2019-12-03T17:10:39+00:00","breadcrumb":{"@id":"https:\/\/www.sipmet.org\/index.php\/regolamento\/#breadcrumb"},"inLanguage":"it-IT","potentialAction":[{"@type":"ReadAction","target":["https:\/\/www.sipmet.org\/index.php\/regolamento\/"]}]},{"@type":"BreadcrumbList","@id":"https:\/\/www.sipmet.org\/index.php\/regolamento\/#breadcrumb","itemListElement":[{"@type":"ListItem","position":1,"name":"Home","item":"https:\/\/www.sipmet.org\/"},{"@type":"ListItem","position":2,"name":"Regolamento"}]},{"@type":"WebSite","@id":"https:\/\/www.sipmet.org\/#website","url":"https:\/\/www.sipmet.org\/","name":"SIPMeT","description":"Societa Italiana di Patologia e Medicina Traslazionale","publisher":{"@id":"https:\/\/www.sipmet.org\/#organization"},"potentialAction":[{"@type":"SearchAction","target":{"@type":"EntryPoint","urlTemplate":"https:\/\/www.sipmet.org\/?s={search_term_string}"},"query-input":{"@type":"PropertyValueSpecification","valueRequired":true,"valueName":"search_term_string"}}],"inLanguage":"it-IT"},{"@type":"Organization","@id":"https:\/\/www.sipmet.org\/#organization","name":"Sipmet - Societa Italiana di Patologia e Medicina Traslazionale","url":"https:\/\/www.sipmet.org\/","logo":{"@type":"ImageObject","inLanguage":"it-IT","@id":"https:\/\/www.sipmet.org\/#\/schema\/logo\/image\/","url":"https:\/\/www.sipmet.org\/wp-content\/uploads\/2019\/10\/LogoSIP1grande-150.png","contentUrl":"https:\/\/www.sipmet.org\/wp-content\/uploads\/2019\/10\/LogoSIP1grande-150.png","width":150,"height":161,"caption":"Sipmet - Societa Italiana di Patologia e Medicina Traslazionale"},"image":{"@id":"https:\/\/www.sipmet.org\/#\/schema\/logo\/image\/"}}]}},"_links":{"self":[{"href":"https:\/\/www.sipmet.org\/index.php\/wp-json\/wp\/v2\/pages\/12","targetHints":{"allow":["GET"]}}],"collection":[{"href":"https:\/\/www.sipmet.org\/index.php\/wp-json\/wp\/v2\/pages"}],"about":[{"href":"https:\/\/www.sipmet.org\/index.php\/wp-json\/wp\/v2\/types\/page"}],"author":[{"embeddable":true,"href":"https:\/\/www.sipmet.org\/index.php\/wp-json\/wp\/v2\/users\/1"}],"replies":[{"embeddable":true,"href":"https:\/\/www.sipmet.org\/index.php\/wp-json\/wp\/v2\/comments?post=12"}],"version-history":[{"count":5,"href":"https:\/\/www.sipmet.org\/index.php\/wp-json\/wp\/v2\/pages\/12\/revisions"}],"predecessor-version":[{"id":76,"href":"https:\/\/www.sipmet.org\/index.php\/wp-json\/wp\/v2\/pages\/12\/revisions\/76"}],"wp:attachment":[{"href":"https:\/\/www.sipmet.org\/index.php\/wp-json\/wp\/v2\/media?parent=12"}],"curies":[{"name":"wp","href":"https:\/\/api.w.org\/{rel}","templated":true}]}}